{"id":30408,"date":"2023-06-23T10:06:02","date_gmt":"2023-06-23T03:06:02","guid":{"rendered":"https:\/\/monsiteweb.be\/su-pham\/"},"modified":"2023-10-06T09:24:25","modified_gmt":"2023-10-06T02:24:25","slug":"su-pham","status":"publish","type":"page","link":"https:\/\/lfay.com.vn\/vi\/su-pham\/","title":{"rendered":"S\u01b0 ph\u1ea1m"},"content":{"rendered":"<p>[et_pb_section fb_built=&#8221;1&#8243; _builder_version=&#8221;4.21.0&#8243; _module_preset=&#8221;default&#8221; global_colors_info=&#8221;{}&#8221;][et_pb_row _builder_version=&#8221;4.22.1&#8243; _module_preset=&#8221;default&#8221; global_colors_info=&#8221;{}&#8221;][et_pb_column type=&#8221;4_4&#8243; _builder_version=&#8221;4.21.0&#8243; _module_preset=&#8221;default&#8221; global_colors_info=&#8221;{}&#8221;][et_pb_text _builder_version=&#8221;4.22.1&#8243; _module_preset=&#8221;default&#8221; global_colors_info=&#8221;{}&#8221;]<\/p>\n<h1 style=\"font-weight: 400;\">s\u01b0 ph\u1ea1m<\/h1>\n<h2 style=\"font-weight: 400;\">Tr\u01b0\u1eddng m\u1eabu gi\u00e1o (T\u1eeb l\u1edbp PS (m\u1eabu gi\u00e1o nh\u1ecf) \u0111\u1ebfn l\u1edbp GS (m\u1eabu gi\u00e1o l\u1edbn)<\/h2>\n<p style=\"font-weight: 400;\">Tr\u01b0\u1eddng m\u1eabu gi\u00e1o l\u00e0 tr\u01b0\u1eddng ch\u00e0o \u0111\u00f3n tr\u1ebb nh\u1ecf \u0111\u1ec3 chu\u1ea9n b\u1ecb cho vi\u1ec7c h\u1ecdc c\u01a1 b\u1ea3n v\u1ec1 \u0111\u1ecdc, vi\u1ebft v\u00e0 s\u1ed1 h\u1ecdc. \u0110\u00e2y l\u00e0 giai \u0111o\u1ea1n chu\u1ea9n b\u1ecb cho gi\u00e1o d\u1ee5c ti\u1ec3u h\u1ecdc: c\u00e1c m\u1ee5c ti\u00eau thi\u1ebft y\u1ebfu l\u00e0 x\u00e3 h\u1ed9i h\u00f3a, h\u00ecnh th\u00e0nh ng\u00f4n ng\u1eef, con s\u1ed1 v\u00e0 ghi nh\u1edb s\u1ed1 v\u00e0 ch\u1eef. <\/p>\n<p style=\"font-weight: 400;\">En savoir plus : <a href=\"https:\/\/eduscol.education.fr\/610\/presentation-de-l-ecole-maternelle\" target=\"_blank\" rel=\"noopener\">https:\/\/eduscol.education.fr\/610\/presentation-de-l-ecole-maternelle<\/a><\/p>\n<h2 style=\"font-weight: 400;\">Tr\u01b0\u1eddng ti\u1ec3u h\u1ecdc (T\u1eeb l\u1edbp 1 (CP) \u0111\u1ebfn l\u1edbp 5 (CM2)<\/h2>\n<p style=\"font-weight: 400;\">Tr\u01b0\u1eddng ti\u1ec3u h\u1ecdc \u0111\u1ea1i di\u1ec7n cho s\u1ef1 ti\u1ebfp n\u1ed1i c\u1ee7a tr\u01b0\u1eddng m\u1eabu gi\u00e1o, c\u00f9ng v\u1edbi \u0111\u00f3 t\u1ea1o th\u00e0nh tr\u01b0\u1eddng c\u1ea5p 1.<\/p>\n<p style=\"font-weight: 400;\">M\u1ee5c ti\u00eau ch\u00ednh c\u1ee7a tr\u01b0\u1eddng ti\u1ec3u h\u1ecdc l\u00e0 d\u1ea1y cho tr\u1ebb nh\u1eefng ki\u1ebfn th\u1ee9c c\u01a1 b\u1ea3n: Vi\u1ec7c h\u1ecdc \u0111\u1ecdc, vi\u1ebft v\u00e0 t\u00ednh to\u00e1n (\u0111\u1ebfm) t\u1ea5t nhi\u00ean l\u00e0 \u01b0u ti\u00ean h\u00e0ng \u0111\u1ea7u. C\u00e1c ho\u1ea1t \u0111\u1ed9ng n\u00e2ng cao nh\u1eadn th\u1ee9c (ho\u1ea1t \u0111\u1ed9ng ngh\u1ec7 thu\u1eadt v\u00e0 vui ch\u01a1i) c\u0169ng r\u1ea5t quan tr\u1ecdng, \u0111\u1eb7c bi\u1ec7t l\u00e0 \u1edf nh\u1eefng l\u1edbp \u0111\u1ea7u ti\u00ean. <\/p>\n<p style=\"font-weight: 400;\">\u0110\u1ec3 bi\u1ebft th\u00eam : <a href=\"https:\/\/eduscol.education.fr\/612\/l-ecole-elementaire\" target=\"_blank\" rel=\"noopener\">https:\/\/eduscol.education.fr\/612\/l-ecole-elementaire<\/a><\/p>\n<h2 style=\"font-weight: 400;\">Trung h\u1ecdc c\u01a1 s\u1edf (THCS) v\u00e0 Trung h\u1ecdc ph\u1ed5 th\u00f4ng (THPT)<\/h2>\n<p style=\"font-weight: 400;\">Tr\u01b0\u1eddng THCS \u0111\u00e1nh d\u1ea5u th\u1eddi \u0111i\u1ec3m h\u1ecdc sinh b\u01b0\u1edbc v\u00e0o gi\u00e1o d\u1ee5c trung h\u1ecdc. THCS \u0111\u01b0\u1ee3c t\u1ed5 ch\u1ee9c th\u00e0nh b\u1ed1n c\u1ea5p \u0111\u1ed9, t\u1eeb l\u1edbp s\u00e1u \u0111\u1ebfn l\u1edbp 9 v\u00e0 \u0111\u01b0\u1ee3c c\u1ea5u tr\u00fac theo chu k\u1ef3 gi\u00e1o d\u1ee5c  <a href=\"https:\/\/eduscol.education.fr\/619\/l-organisation-des-enseignements-au-college\" target=\"_blank\" rel=\"noopener\">https:\/\/eduscol.education.fr\/619\/l-organisation-des-enseignements-au-college<\/a><\/p>\n<p style=\"font-weight: 400;\">Tr\u01b0\u1eddng THPT (t\u1ed5ng qu\u00e1t): l\u1ed9 tr\u00ecnh chung chu\u1ea9n b\u1ecb cho h\u1ecdc sinh trung h\u1ecdc trong hai n\u0103m l\u1ea5y b\u1eb1ng t\u00fa t\u00e0i t\u1ed5ng qu\u00e1t v\u00e0 h\u1ecdc \u0111\u1ea1i h\u1ecdc. Tr\u01b0\u1edbc \u0111\u00f3 l\u00e0 qu\u00e1 tr\u00ecnh h\u1ecdc sinh quy\u1ebft \u0111\u1ecbnh l\u1ef1a ch\u1ecdn thi t\u00fa t\u00e0i t\u1ed5ng qu\u00e1t hay thi t\u00fa t\u00e0i k\u1ef9 thu\u1eadt . <\/p>\n<p style=\"font-weight: 400;\"><a href=\"https:\/\/eduscol.education.fr\/634\/cycle-terminal-de-la-voie-generale?menu_id=760\" target=\"_blank\" rel=\"noopener\">https:\/\/eduscol.education.fr\/634\/cycle-terminal-de-la-voie-generale?menu_id=760<\/a><\/p>\n<p>[\/et_pb_text][\/et_pb_column][\/et_pb_row][\/et_pb_section]<\/p>\n","protected":false},"excerpt":{"rendered":"<p>S\u01b0 ph\u1ea1m : tr\u01b0\u1eddng m\u1eabu gi\u00e1o, tr\u01b0\u1eddng ti\u1ec3u h\u1ecdc, trung h\u1ecdc c\u01a1 s\u1edf (THCS) v\u00e0 trung h\u1ecdc ph\u1ed5 th\u00f4ng (THPT )<\/p>\n","protected":false},"author":2,"featured_media":30409,"parent":0,"menu_order":0,"comment_status":"closed","ping_status":"closed","template":"","meta":{"_et_pb_use_builder":"on","_et_pb_old_content":"","_et_gb_content_width":"","_lmt_disableupdate":"","_lmt_disable":"","footnotes":""},"class_list":["post-30408","page","type-page","status-publish","has-post-thumbnail","hentry"],"jetpack_sharing_enabled":true,"_links":{"self":[{"href":"https:\/\/lfay.com.vn\/vi\/wp-json\/wp\/v2\/pages\/30408","targetHints":{"allow":["GET"]}}],"collection":[{"href":"https:\/\/lfay.com.vn\/vi\/wp-json\/wp\/v2\/pages"}],"about":[{"href":"https:\/\/lfay.com.vn\/vi\/wp-json\/wp\/v2\/types\/page"}],"author":[{"embeddable":true,"href":"https:\/\/lfay.com.vn\/vi\/wp-json\/wp\/v2\/users\/2"}],"replies":[{"embeddable":true,"href":"https:\/\/lfay.com.vn\/vi\/wp-json\/wp\/v2\/comments?post=30408"}],"version-history":[{"count":2,"href":"https:\/\/lfay.com.vn\/vi\/wp-json\/wp\/v2\/pages\/30408\/revisions"}],"predecessor-version":[{"id":30411,"href":"https:\/\/lfay.com.vn\/vi\/wp-json\/wp\/v2\/pages\/30408\/revisions\/30411"}],"wp:featuredmedia":[{"embeddable":true,"href":"https:\/\/lfay.com.vn\/vi\/wp-json\/wp\/v2\/media\/30409"}],"wp:attachment":[{"href":"https:\/\/lfay.com.vn\/vi\/wp-json\/wp\/v2\/media?parent=30408"}],"curies":[{"name":"wp","href":"https:\/\/api.w.org\/{rel}","templated":true}]}}