{"id":30118,"date":"2023-06-27T11:51:12","date_gmt":"2023-06-27T04:51:12","guid":{"rendered":"https:\/\/monsiteweb.be\/ghi-danh\/"},"modified":"2026-04-08T12:15:58","modified_gmt":"2026-04-08T05:15:58","slug":"ghi-danh","status":"publish","type":"page","link":"https:\/\/lfay.com.vn\/vi\/ghi-danh\/","title":{"rendered":"Ghi danh"},"content":{"rendered":"<p>[et_pb_section fb_built=&#8221;1&#8243; _builder_version=&#8221;4.21.0&#8243; _module_preset=&#8221;default&#8221; global_colors_info=&#8221;{}&#8221;][et_pb_row _builder_version=&#8221;4.21.0&#8243; _module_preset=&#8221;default&#8221; global_colors_info=&#8221;{}&#8221;][et_pb_column type=&#8221;4_4&#8243; _builder_version=&#8221;4.21.0&#8243; _module_preset=&#8221;default&#8221; global_colors_info=&#8221;{}&#8221;][et_pb_text _builder_version=&#8221;4.27.5&#8243; _module_preset=&#8221;default&#8221; global_colors_info=&#8221;{}&#8221;]<\/p>\n<h1 class=\"spip\"><strong><span>Th\u00f4ng tin tuy\u1ec3n sinh n\u0103m h\u1ecdc 2026-2027 :<\/span><\/strong><\/h1>\n<p><span style=\"color: #ea5b87;\"><\/span><\/p>\n<p><span>L\u01afU \u00dd: Nh\u00e0 tr\u01b0\u1eddng kh\u00f4ng y\u00eau c\u1ea7u ph\u1ee5 huynh tr\u1ea3 b\u1ea5t c\u1ee9 kho\u1ea3n ph\u00ed n\u00e0o cho \u0111\u1ebfn khi h\u1ed3 s\u01a1 \u0111\u01b0\u1ee3c Hi\u1ec7u tr\u01b0\u1edfng to\u00e0n tr\u01b0\u1eddng ph\u00ea duy\u1ec7t v\u00e0 s\u1ebd g\u1eedi th\u00f4ng b\u00e1o t\u1edbi ph\u1ee5 huynh.<\/span><\/p>\n<p>M\u1edf \u0111\u0103ng k\u00fd ghi danh cho h\u1ecdc sinh m\u1edbi t\u1eeb <strong><span>ng\u00e0y 02\/02 \u0111\u1ebfn ng\u00e0y 02\/03\/2026 l\u00fac 9h (gi\u1edd H\u00e0 N\u1ed9i)<\/span><\/strong>, l\u00e0 th\u1eddi h\u1ea1n g\u1eedi h\u1ed3 s\u01a1, qua c\u1ed5ng \u0111\u0103ng k\u00fd ghi danh tr\u1ef1c <span>tuy\u1ebfn<\/span> <span>EDUKA<\/span>.<\/p>\n<p>Th\u1eddi h\u1ea1n \u0111\u0103ng k\u00fd d\u00e0nh cho h\u1ecdc sinh m\u1edbi, <span style=\"color: #ff0000;\">duy nh\u1ea5t ch\u1ec9 \u00e1p d\u1ee5ng cho l\u1edbp PS v\u00e0 MS<\/span>, \u0111\u01b0\u1ee3c gia h\u1ea1n \u0111\u1ebfn 9h00 s\u00e1ng th\u1ee9 Hai,<strong> ng\u00e0y 9 th\u00e1ng 3 n\u0103m 2026<\/strong> (gi\u1edd H\u00e0 N\u1ed9i).<\/p>\n<p>Ph\u1ee5 huynh ph\u1ea3i \u0111\u0103ng t\u1ea3i v\u00e0o h\u1ed3 s\u01a1 tr\u1ef1c tuy\u1ebfn nh\u1eefng gi\u1ea5y t\u1edd theo y\u00eau c\u1ea7u \u1edf danh s\u00e1ch sau \u0111\u00e2y.<\/p>\n<p>Trong m\u1ecdi tr\u01b0\u1eddng h\u1ee3p, m\u1ed9t cu\u1ed9c \u0111i\u1ec7n tho\u1ea1i v\u00e0\/ho\u1eb7c m\u1ed9t bu\u1ed5i tham quan tr\u01b0\u1eddng kh\u00f4ng \u0111\u01b0\u1ee3c coi l\u00e0 \u0111\u00e3 \u0111\u0103ng k\u00fd ghi danh m\u00e0 ph\u1ea3i l\u00e0m h\u1ed3 s\u01a1 EDUKA. C\u0169ng nh\u01b0 v\u1eady, vi\u1ec7c thanh to\u00e1n ph\u00ed ghi danh m\u00e0 kh\u00f4ng n\u1ed9p h\u1ed3 s\u01a1 ho\u00e0n ch\u1ec9nh c\u0169ng kh\u00f4ng \u0111\u01b0\u1ee3c coi l\u00e0 \u0111\u00e3 \u0111\u01b0\u1ee3c ghi danh.<\/p>\n<p>[\/et_pb_text][et_pb_code _builder_version=&#8221;4.27.5&#8243; _module_preset=&#8221;default&#8221; hover_enabled=&#8221;0&#8243; sticky_enabled=&#8221;0&#8243;]<div id=\"wppdfemb-frame-container-2\"><iframe id=\"wppdf-emb-iframe-2\" scrolling=\"no\" data-pdf-index=\"2\" class=\"pdfembed-iframe nonfullscreen\" style=\"border: none; width:100%; max-width: 100%; min-height: 1000px;\" src=\"https:\/\/lfay.com.vn\/vi\/?url=https%3A%2F%2Flfay.com.vn%2Fwp-content%2Fuploads%2F2026%2F04%2FListe_documents_VV.pdf&pdfID=2&index=2\" ><\/iframe><\/div>[\/et_pb_code][et_pb_text _builder_version=&#8221;4.27.5&#8243; _module_preset=&#8221;default&#8221; global_colors_info=&#8221;{}&#8221;]<\/p>\n<h2 class=\"spip\"><strong><span>L\u01b0u \u00fd:<\/span><\/strong><\/h2>\n<ol class=\"spip\">\n<li><span>Nh\u00e0 tr\u01b0\u1eddng kh\u00f4ng y\u00eau c\u1ea7u ph\u1ee5 huynh tr\u1ea3 b\u1ea5t c\u1ee9 kho\u1ea3n ph\u00ed n\u00e0o cho \u0111\u1ebfn khi h\u1ed3 s\u01a1 \u0111\u01b0\u1ee3c Hi\u1ec7u tr\u01b0\u1edfng to\u00e0n tr\u01b0\u1eddng ph\u00ea duy\u1ec7t v\u00e0 s\u1ebd g\u1eedi th\u00f4ng b\u00e1o t\u1edbi ph\u1ee5 huynh;<\/span><\/li>\n<li>H\u1ed3 s\u01a1 kh\u00f4ng \u0111\u1ea7y \u0111\u1ee7 s\u1ebd kh\u00f4ng \u0111\u01b0\u1ee3c xem x\u00e9t ;<span><\/span><\/li>\n<li>B\u1eaft bu\u1ed9c scan ri\u00eang m\u1ed7i lo\u1ea1i t\u00e0i li\u1ec7u \u1edf \u0111\u1ecbnh d\u1ea1ng PDF theo \u0111\u00fang chi\u1ec1u \u0111\u1ecdc v\u0103n b\u1ea3n N\u1ebfu m\u1ed9t lo\u1ea1i t\u00e0i li\u1ec7u c\u00f3 nhi\u1ec1u trang th\u00ec c\u00e1c trang ph\u1ea3i \u0111\u00fang th\u1ee9 t\u1ef1 ;<\/li>\n<li>Nh\u1eefng t\u00e0i li\u1ec7u b\u1eb1ng ti\u1ebfng n\u01b0\u1edbc ngo\u00e0i ph\u1ea3i do c\u01a1 quan d\u1ecbch thu\u1eadt c\u00f3 th\u1ea9m quy\u1ec1n d\u1ecbch sang m\u1ed9t trong c\u00e1c ng\u00f4n ng\u1eef sau: ti\u1ebfng Ph\u00e1p, ti\u1ebfng Vi\u1ec7t, ti\u1ebfng Anh ;<\/li>\n<li><span>H\u1ed3 s\u01a1<\/span> g\u1eedi qu\u00e1 h\u1ea1n, ngay c\u1ea3 v\u1edbi h\u1ecdc <strong>sinh qu\u1ed1c t\u1ecbch Ph\u00e1p<\/strong>, s\u1ebd ch\u1ec9 \u0111\u01b0\u1ee3c xem x\u00e9t trong ch\u1eebng m\u1ef1c nh\u00e0 tr\u01b0\u1eddng c\u00f2n kh\u1ea3 n\u0103ng <span>ti\u1ebfp nh\u1eadn<\/span>.<\/li>\n<\/ol>\n<p>C\u00c1C <span>B\u01af\u1edaC \u0110\u0102NG K\u00dd :<\/span> <span><strong>C\u1ed5ng \u0111\u0103ng k\u00fd ghi danh tr\u1ef1c tuy\u1ebfn EDUKA s\u1ebd m\u1edf t\u1eeb ng\u00e0y 02\/02 \u0111\u1ebfn ng\u00e0y 02\/03\/2026, l\u00fac 9h (gi\u1edd H\u00e0 N\u1ed9i)<\/strong><\/span><\/p>\n<p>[\/et_pb_text][\/et_pb_column][\/et_pb_row][et_pb_row column_structure=&#8221;1_4,1_2,1_4&#8243; _builder_version=&#8221;4.21.0&#8243; _module_preset=&#8221;default&#8221; global_colors_info=&#8221;{}&#8221;][et_pb_column type=&#8221;1_4&#8243; _builder_version=&#8221;4.21.0&#8243; _module_preset=&#8221;default&#8221; global_colors_info=&#8221;{}&#8221;][\/et_pb_column][et_pb_column type=&#8221;1_2&#8243; _builder_version=&#8221;4.21.0&#8243; _module_preset=&#8221;default&#8221; custom_padding=&#8221;0px|||0px|false|false&#8221; border_width_top=&#8221;1px&#8221; border_width_right=&#8221;1px&#8221; border_width_bottom=&#8221;1px&#8221; border_width_left=&#8221;1px&#8221; global_colors_info=&#8221;{}&#8221;][et_pb_text _builder_version=&#8221;4.21.0&#8243; _module_preset=&#8221;default&#8221; text_text_color=&#8221;#FFFFFF&#8221; background_color=&#8221;#0C71C3&#8243; custom_padding=&#8221;|||11px|false|false&#8221; global_colors_info=&#8221;{}&#8221;]<\/p>\n<p><span>B\u1ea1n ch\u01b0a c\u00f3 con em n\u00e0o \u0111ang h\u1ecdc \u1edf tr\u01b0\u1eddng<\/span><\/p>\n<p>[\/et_pb_text][et_pb_text _builder_version=&#8221;4.21.0&#8243; _module_preset=&#8221;default&#8221; global_colors_info=&#8221;{}&#8221;]<\/p>\n<p><span>N\u1ebfu b\u1ea1n ch\u01b0a t\u1eebng l\u00e0m h\u1ed3 s\u01a1 ghi danh, h\u00e3y nh\u1ea5p v\u00e0o n\u00fat sau \u0111\u00e2y \u0111\u1ec3 \u0111\u0103ng k\u00fd t\u00e0i kho\u1ea3n.<\/span><\/p>\n<p>[\/et_pb_text][et_pb_button button_url=&#8221;https:\/\/lfay.eduka.school\/login&#8221; button_text=&#8221;\u0110\u0103ng k\u00fd t\u00e0i kho\u1ea3n&#8221; button_alignment=&#8221;center&#8221; _builder_version=&#8221;4.23.2&#8243; _module_preset=&#8221;default&#8221; custom_button=&#8221;on&#8221; button_text_size=&#8221;15px&#8221; button_text_color=&#8221;#746DCF&#8221; button_border_width=&#8221;2px&#8221; button_border_radius=&#8221;5px&#8221; global_colors_info=&#8221;{}&#8221;][\/et_pb_button][et_pb_text _builder_version=&#8221;4.21.0&#8243; _module_preset=&#8221;default&#8221; global_colors_info=&#8221;{}&#8221;]<\/p>\n<p><span>B\u1ea1n \u0111\u00e3 (t\u1eebng) \u0111\u0103ng k\u00fd t\u00e0i kho\u1ea3n, h\u00e3y nh\u1ea5p v\u00e0o n\u00fat sau \u0111\u00e2y \u0111\u1ec3 \u0111\u0103ng nh\u1eadp v\u00e0 t\u1ea1o h\u1ed3 s\u01a1 ghi danh.<\/span><\/p>\n<p>[\/et_pb_text][et_pb_button button_url=&#8221;https:\/\/lfay.eduka.school\/login&#8221; button_text=&#8221;\u0110\u0103ng nh\u1eadp&#8221; button_alignment=&#8221;center&#8221; _builder_version=&#8221;4.23.4&#8243; _module_preset=&#8221;default&#8221; custom_button=&#8221;on&#8221; button_text_size=&#8221;15px&#8221; button_text_color=&#8221;#746DCF&#8221; button_border_width=&#8221;2px&#8221; button_border_radius=&#8221;5px&#8221; custom_margin=&#8221;||15px||false|false&#8221; custom_padding=&#8221;||||false|false&#8221; global_colors_info=&#8221;{}&#8221;][\/et_pb_button][\/et_pb_column][et_pb_column type=&#8221;1_4&#8243; _builder_version=&#8221;4.21.0&#8243; _module_preset=&#8221;default&#8221; global_colors_info=&#8221;{}&#8221;][\/et_pb_column][\/et_pb_row][et_pb_row column_structure=&#8221;1_4,1_2,1_4&#8243; _builder_version=&#8221;4.22.1&#8243; _module_preset=&#8221;default&#8221; global_colors_info=&#8221;{}&#8221;][et_pb_column type=&#8221;1_4&#8243; _builder_version=&#8221;4.21.0&#8243; _module_preset=&#8221;default&#8221; global_colors_info=&#8221;{}&#8221;][\/et_pb_column][et_pb_column type=&#8221;1_2&#8243; _builder_version=&#8221;4.22.1&#8243; _module_preset=&#8221;default&#8221; custom_padding=&#8221;||15px||false|false&#8221; border_width_all=&#8221;1px&#8221; global_colors_info=&#8221;{}&#8221;][et_pb_text _builder_version=&#8221;4.22.1&#8243; _module_preset=&#8221;default&#8221; text_font=&#8221;|600|||||||&#8221; text_text_color=&#8221;#FFFFFF&#8221; background_color=&#8221;#66BBD7&#8243; border_width_all=&#8221;1px&#8221; global_colors_info=&#8221;{}&#8221;]<\/p>\n<p><span>B\u1ea1n \u0111\u00e3 c\u00f3 m\u1ed9t hay nhi\u1ec1u con em \u0111ang h\u1ecdc \u1edf tr\u01b0\u1eddng<\/span><\/p>\n<p>[\/et_pb_text][et_pb_text _builder_version=&#8221;4.22.1&#8243; _module_preset=&#8221;default&#8221; global_colors_info=&#8221;{}&#8221;]<\/p>\n<p><span>B\u1ea1n c\u00f3 th\u1ec3 \u0111\u0103ng k\u00fd ghi danh cho con em ti\u1ebfp theo b\u1eb1ng c\u00e1ch nh\u1ea5p<\/span> v\u00e0o n\u00fat sau \u0111\u00e2y v\u00e0 ph\u1ea3i d\u00f9ng t\u00ean truy c\u1eadp c\u1ee7a ph\u1ee5 huynh v\u1edbi m\u1eadt kh\u1ea9u th\u01b0\u1eddng d\u00f9ng khi \u0111\u0103ng nh\u1eadp v\u00e0o <span class=\"gl_mot\">ENT<\/span><\/p>\n<p>[\/et_pb_text][et_pb_button button_url=&#8221;https:\/\/lfay.eduka.school\/login&#8221; button_text=&#8221;\u0110\u0103ng nh\u1eadp&#8221; button_alignment=&#8221;center&#8221; _builder_version=&#8221;4.23.4&#8243; _module_preset=&#8221;default&#8221; custom_button=&#8221;on&#8221; button_text_size=&#8221;15px&#8221; button_text_color=&#8221;#746DCF&#8221; button_border_width=&#8221;2px&#8221; button_border_radius=&#8221;5px&#8221; global_colors_info=&#8221;{}&#8221;][\/et_pb_button][\/et_pb_column][et_pb_column type=&#8221;1_4&#8243; _builder_version=&#8221;4.21.0&#8243; _module_preset=&#8221;default&#8221; global_colors_info=&#8221;{}&#8221;][\/et_pb_column][\/et_pb_row][et_pb_row _builder_version=&#8221;4.22.0&#8243; _module_preset=&#8221;default&#8221; global_colors_info=&#8221;{}&#8221;][et_pb_column type=&#8221;4_4&#8243; _builder_version=&#8221;4.22.0&#8243; _module_preset=&#8221;default&#8221; global_colors_info=&#8221;{}&#8221;][et_pb_code _builder_version=&#8221;4.23.2&#8243; _module_preset=&#8221;default&#8221; global_colors_info=&#8221;{}&#8221;]<div id=\"wppdfemb-frame-container-3\"><iframe id=\"wppdf-emb-iframe-3\" scrolling=\"no\" data-pdf-index=\"3\" class=\"pdfembed-iframe nonfullscreen\" style=\"border: none; width:100%; max-width: 100%; min-height: 1000px;\" src=\"https:\/\/lfay.com.vn\/vi\/?url=https%3A%2F%2Flfay.com.vn%2Fwp-content%2Fuploads%2F2023%2F09%2Feduka-huong_dan_dang_ky.pdf&pdfID=3&index=3\" ><\/iframe><\/div>[\/et_pb_code][\/et_pb_column][\/et_pb_row][et_pb_row _builder_version=&#8221;4.21.0&#8243; _module_preset=&#8221;default&#8221; global_colors_info=&#8221;{}&#8221;][et_pb_column type=&#8221;4_4&#8243; _builder_version=&#8221;4.21.0&#8243; _module_preset=&#8221;default&#8221; global_colors_info=&#8221;{}&#8221;][et_pb_text _builder_version=&#8221;4.27.5&#8243; _module_preset=&#8221;default&#8221; global_colors_info=&#8221;{}&#8221;]<\/p>\n<div class=\"content hentry\" id=\"content\">\n<table class=\"spip\">\n<tbody>\n<tr class=\"row_odd odd\">\n<td>Ph\u1ee5 huynh mu\u1ed1n \u0111\u0103ng k\u00fd l\u1ea1i cho h\u1ecdc sinh \u0111\u00e3 r\u1eddi tr\u01b0\u1eddng t\u1eeb n\u0103m 2019 vui l\u00f2ng li\u00ean h\u1ec7 v\u1edbi v\u0103n ph\u00f2ng Ban gi\u00e1m hi\u1ec7u (secretariat de direction) qua th\u01b0 \u0111i\u1ec7n t\u1eed ho\u1eb7c qua \u0111i\u1ec7n tho\u1ea1i \u0111\u1ec3 \u0111\u01b0\u1ee3c h\u01b0\u1edbng d\u1eabn th\u1ee7 t\u1ee5c v\u00e0 s\u1ebd ph\u1ea3i n\u1ed9p gi\u1ea5y t\u1edd theo danh s\u00e1ch n\u00eau tr\u00ean \u0111\u00e2y.<\/td>\n<\/tr>\n<\/tbody>\n<\/table>\n<h2><strong>TR\u00ccNH T\u1ef0 TR\u1ea2 L\u1edcI H\u1ed2 S\u01a0:<\/strong><\/h2>\n<p>1. \u0110\u1ed1i v\u1edbi c\u00e1c h\u1ed3 s\u01a1 \u0111\u0103ng k\u00fd v\u00e0o b\u1eadc m\u1ea7m non (tr\u1eeb tr\u01b0\u1eddng h\u1ee3p ki\u1ec3m tra \u0111\u1ea7u v\u00e0o l\u1edbp GS), c\u00e1c gia \u0111\u00ecnh s\u1ebd \u0111\u01b0\u1ee3c th\u00f4ng b\u00e1o qua th\u01b0 \u0111i\u1ec7n t\u1eed v\u1ec1 quy\u1ebft \u0111\u1ecbnh c\u1ee7a Hi\u1ec7u tr\u01b0\u1edfng\/Hi\u1ec7u tr\u01b0\u1edfng nh\u00e0 tr\u01b0\u1eddng ch\u1eadm nh\u1ea5t v\u00e0o \u0111\u1ea7u th\u00e1ng 4.<\/p>\n<p>2. C\u00e1c h\u1ed3 s\u01a1 \u0111\u0103ng k\u00fd v\u00e0o c\u00e1c l\u1edbp l\u1edbn h\u01a1n c\u0169ng s\u1ebd \u0111\u01b0\u1ee3c tr\u1ea3 l\u1eddi qua th\u01b0 \u0111i\u1ec7n t\u1eed mu\u1ed9n nh\u1ea5t v\u00e0o \u0111\u1ea7u th\u00e1ng 5 c\u00f9ng v\u1edbi th\u00f4ng b\u00e1o ng\u00e0y ki\u1ec3m tra \u0111\u1ea7u v\u00e0o n\u1ebfu c\u00f3.<\/p>\n<p>3. Khi h\u1ed3 s\u01a1 \u0111\u01b0\u1ee3c ch\u1ea5p thu\u1eadn, ph\u1ee5 huynh x\u00e1c nh\u1eadn ghi danh cho h\u1ecdc sinh b\u1eb1ng c\u00e1ch thanh to\u00e1n ph\u00ed ghi danh l\u1ea7n \u0111\u1ea7u qua chuy\u1ec3n kho\u1ea3n ng\u00e2n h\u00e0ng trong th\u1eddi h\u1ea1n \u0111\u00fang m\u1ed9t (1) tu\u1ea7n. Ph\u1ee5 huynh s\u1ebd nh\u1eadn \u0111\u01b0\u1ee3c h\u00f3a \u0111\u01a1n \u0111i\u1ec7n t\u1eed do ban T\u00e0i ch\u00ednh ph\u00e1t h\u00e0nh.<\/p>\n<p>N\u1ebfu ph\u00ed ghi danh kh\u00f4ng \u0111\u01b0\u1ee3c thanh to\u00e1n \u0111\u00fang th\u1eddi h\u1ea1n th\u00ec k\u1ebft qu\u1ea3 tuy\u1ec3n sinh s\u1ebd b\u1ecb h\u1ee7y. N\u1ebfu ph\u1ee5 huynh h\u1ee7y \u0111\u0103ng k\u00fd ghi danh sau khi \u0111\u00e3 tr\u1ea3 ph\u00ed th\u00ec s\u1ebd kh\u00f4ng \u0111\u01b0\u1ee3c ho\u00e0n l\u1ea1i. (xem -&gt;<a href=\"https:\/\/lfay.com.vn\/vi\/bieu-phi\/\"> quy \u0111\u1ecbnh t\u00e0i ch\u00ednh)<\/a><a href=\"https:\/\/lfay.com.vn\/vi\/bieu-phi\/\">.<\/a><\/p>\n<p>Vi\u1ec7c ghi danh v\u00e0o danh s\u00e1ch ch\u00ednh th\u1ee9c s\u1ebd \u0111\u01b0\u1ee3c ho\u00e0n t\u1ea5t ngay khi nh\u00e0 tr\u01b0\u1eddng nh\u1eadn \u0111\u01b0\u1ee3c c\u00e1c gi\u1ea5y t\u1edd m\u00e0 ph\u1ee5 huynh ph\u1ea3i n\u1ed9p b\u1ed5 sung theo y\u00eau c\u1ea7u \u0111\u1ec3 ho\u00e0n ch\u1ec9nh h\u1ed3 s\u01a1 h\u1ecdc sinh. (xem ph\u1ea7n cu\u1ed1i danh s\u00e1ch gi\u1ea5y t\u1edd ph\u1ea3i n\u1ed9p n\u00eau \u1edf tr\u00ean)<\/p>\n<p><strong><span>\u0110\u0103ng k\u00fd ghi danh v\u00e0o gi\u1eefa ch\u1eebng n\u0103m h\u1ecdc 2025-2026 ch\u1ec9 d\u00e0nh cho h\u1ecdc sinh Ph\u00e1p v\u00e0 h\u1ecdc sinh \u0111\u1ebfn t\u1eeb c\u00e1c tr\u01b0\u1eddng h\u1ecdc \u1edf Ph\u00e1p ho\u1eb7c h\u1ec7 th\u1ed1ng <span class=\"gl_mot\">AEFE<\/span>:<\/span><\/strong><\/p>\n<p>Ph\u1ee5 huynh mu\u1ed1n \u0111\u0103ng k\u00fd cho h\u1ecdc sinh vui l\u00f2ng li\u00ean h\u1ec7 v\u1edbi v\u0103n ph\u00f2ng Ban gi\u00e1m hi\u1ec7u (secretariat de direction) qua th\u01b0 \u0111i\u1ec7n t\u1eed ho\u1eb7c qua \u0111i\u1ec7n tho\u1ea1i \u0111\u1ec3 \u0111\u01b0\u1ee3c h\u01b0\u1edbng d\u1eabn th\u1ee7 t\u1ee5c v\u00e0 s\u1ebd ph\u1ea3i n\u1ed9p gi\u1ea5y t\u1edd theo danh s\u00e1ch n\u00eau \u1edf tr\u00ean.<\/p>\n<\/div>\n<div class=\"menu\" id=\"documents_joints\">\n<h2><\/h2>\n<h2><\/h2>\n<h2>T\u00e0i li\u1ec7u \u0111\u00ednh k\u00e8m<\/h2>\n<p><a href=\"https:\/\/lfay.com.vn\/wp-content\/uploads\/2023\/08\/rf_annexe_2_choix_nationalite_xac_nhan_quoc_tich.pdf-3.doc\" rel=\"attachment noopener wp-att-29236\" target=\"_blank\">rf_annexe_2_choix_nationalite_xac_nhan_quoc_tich.pdf-3<\/a><\/p>\n<p>&nbsp;<\/p>\n<\/div>\n<p>[\/et_pb_text][\/et_pb_column][\/et_pb_row][\/et_pb_section]<\/p>\n","protected":false},"excerpt":{"rendered":"<p>Th\u00f4ng tin tuy\u1ec3n sinh n\u0103m h\u1ecdc 2026-2027 : L\u01afU \u00dd: Nh\u00e0 tr\u01b0\u1eddng kh\u00f4ng y\u00eau c\u1ea7u ph\u1ee5 huynh tr\u1ea3 b\u1ea5t c\u1ee9 kho\u1ea3n ph\u00ed n\u00e0o cho \u0111\u1ebfn khi h\u1ed3 s\u01a1 \u0111\u01b0\u1ee3c Hi\u1ec7u tr\u01b0\u1edfng to\u00e0n tr\u01b0\u1eddng ph\u00ea duy\u1ec7t v\u00e0 s\u1ebd g\u1eedi th\u00f4ng b\u00e1o t\u1edbi ph\u1ee5 huynh. M\u1edf \u0111\u0103ng k\u00fd ghi danh cho h\u1ecdc sinh m\u1edbi t\u1eeb ng\u00e0y 02\/02 [&hellip;]<\/p>\n","protected":false},"author":2,"featured_media":0,"parent":0,"menu_order":0,"comment_status":"closed","ping_status":"closed","template":"","meta":{"_et_pb_use_builder":"on","_et_pb_old_content":"","_et_gb_content_width":"","_lmt_disableupdate":"","_lmt_disable":"","footnotes":""},"class_list":["post-30118","page","type-page","status-publish","hentry"],"jetpack_sharing_enabled":true,"_links":{"self":[{"href":"https:\/\/lfay.com.vn\/vi\/wp-json\/wp\/v2\/pages\/30118","targetHints":{"allow":["GET"]}}],"collection":[{"href":"https:\/\/lfay.com.vn\/vi\/wp-json\/wp\/v2\/pages"}],"about":[{"href":"https:\/\/lfay.com.vn\/vi\/wp-json\/wp\/v2\/types\/page"}],"author":[{"embeddable":true,"href":"https:\/\/lfay.com.vn\/vi\/wp-json\/wp\/v2\/users\/2"}],"replies":[{"embeddable":true,"href":"https:\/\/lfay.com.vn\/vi\/wp-json\/wp\/v2\/comments?post=30118"}],"version-history":[{"count":18,"href":"https:\/\/lfay.com.vn\/vi\/wp-json\/wp\/v2\/pages\/30118\/revisions"}],"predecessor-version":[{"id":38554,"href":"https:\/\/lfay.com.vn\/vi\/wp-json\/wp\/v2\/pages\/30118\/revisions\/38554"}],"wp:attachment":[{"href":"https:\/\/lfay.com.vn\/vi\/wp-json\/wp\/v2\/media?parent=30118"}],"curies":[{"name":"wp","href":"https:\/\/api.w.org\/{rel}","templated":true}]}}