{"id":30277,"date":"2023-06-23T10:06:02","date_gmt":"2023-06-23T03:06:02","guid":{"rendered":"https:\/\/monsiteweb.be\/pedagogy\/"},"modified":"2023-09-29T10:23:52","modified_gmt":"2023-09-29T03:23:52","slug":"pedagogy","status":"publish","type":"page","link":"https:\/\/lfay.com.vn\/en\/pedagogy\/","title":{"rendered":"Pedagogy"},"content":{"rendered":"<p>[et_pb_section fb_built=&#8221;1&#8243; _builder_version=&#8221;4.21.0&#8243; _module_preset=&#8221;default&#8221; global_colors_info=&#8221;{}&#8221;][et_pb_row _builder_version=&#8221;4.22.1&#8243; _module_preset=&#8221;default&#8221; global_colors_info=&#8221;{}&#8221;][et_pb_column type=&#8221;4_4&#8243; _builder_version=&#8221;4.21.0&#8243; _module_preset=&#8221;default&#8221; global_colors_info=&#8221;{}&#8221;][et_pb_text _builder_version=&#8221;4.22.1&#8243; _module_preset=&#8221;default&#8221; global_colors_info=&#8221;{}&#8221;]<\/p>\n<h1 style=\"font-weight: 400;\">Pedagogy<\/h1>\n<h2 style=\"font-weight: 400;\">Kindergarten (PS to GS)<\/h2>\n<p style=\"font-weight: 400;\">Kindergarten is a school for very young children that prepares them for the basic skills of reading, writing and arithmetic. This is a preparatory period for elementary education: the main objectives are socialisation and the development of language, numbers and graphic skills.<\/p>\n<p style=\"font-weight: 400;\">Find out more : <a href=\"https:\/\/eduscol.education.fr\/610\/presentation-de-l-ecole-maternelle\" target=\"_blank\" rel=\"noopener\">https:\/\/eduscol.education.fr\/610\/presentation-de-l-ecole-maternelle<\/a><\/p>\n<h2 style=\"font-weight: 400;\">Primary schools (CP to CM2)<\/h2>\n<p style=\"font-weight: 400;\">Primary schools is the continuation of kindergarten, with which it forms the so-called primary school.<\/p>\n<p style=\"font-weight: 400;\">The main aim of primary schools is to teach children fundamental skills: learning to read, write and do arithmetic is of course a priority. Early-learning activities (arts and games) remain important, especially in the first classes.<\/p>\n<p style=\"font-weight: 400;\">Find out more: <a href=\"https:\/\/eduscol.education.fr\/612\/l-ecole-elementaire\" target=\"_blank\" rel=\"noopener\">https:\/\/eduscol.education.fr\/612\/l-ecole-elementaire<\/a><\/p>\n<h2 style=\"font-weight: 400;\">Secondary school<\/h2>\n<p style=\"font-weight: 400;\">The coll\u00e8ge marks students&#8217; entry into secondary education. It is organised into four levels, from sixi\u00e8me to troisi\u00e8me, and structured into educational cycles. <a href=\"https:\/\/eduscol.education.fr\/619\/l-organisation-des-enseignements-au-college\" target=\"_blank\" rel=\"noopener\">https:\/\/eduscol.education.fr\/619\/l-organisation-des-enseignements-au-college<\/a><\/p>\n<p style=\"font-weight: 400;\">General lyc\u00e9e: in two years, the general route prepares students for the general baccalaur\u00e9at and further higher education. It is preceded by a determination cycle common to both the general and technological options.<\/p>\n<p style=\"font-weight: 400;\"><a href=\"https:\/\/eduscol.education.fr\/634\/cycle-terminal-de-la-voie-generale?menu_id=760\" target=\"_blank\" rel=\"noopener\">https:\/\/eduscol.education.fr\/634\/cycle-terminal-de-la-voie-generale?menu_id=760<\/a><\/p>\n<p>[\/et_pb_text][\/et_pb_column][\/et_pb_row][\/et_pb_section]<\/p>\n","protected":false},"excerpt":{"rendered":"<p>Pedagogy: nursery, primary and secondary schools.<\/p>\n","protected":false},"author":2,"featured_media":30278,"parent":0,"menu_order":0,"comment_status":"closed","ping_status":"closed","template":"","meta":{"_et_pb_use_builder":"on","_et_pb_old_content":"","_et_gb_content_width":"","_lmt_disableupdate":"","_lmt_disable":"","footnotes":""},"class_list":["post-30277","page","type-page","status-publish","has-post-thumbnail","hentry"],"jetpack_sharing_enabled":true,"_links":{"self":[{"href":"https:\/\/lfay.com.vn\/en\/wp-json\/wp\/v2\/pages\/30277","targetHints":{"allow":["GET"]}}],"collection":[{"href":"https:\/\/lfay.com.vn\/en\/wp-json\/wp\/v2\/pages"}],"about":[{"href":"https:\/\/lfay.com.vn\/en\/wp-json\/wp\/v2\/types\/page"}],"author":[{"embeddable":true,"href":"https:\/\/lfay.com.vn\/en\/wp-json\/wp\/v2\/users\/2"}],"replies":[{"embeddable":true,"href":"https:\/\/lfay.com.vn\/en\/wp-json\/wp\/v2\/comments?post=30277"}],"version-history":[{"count":3,"href":"https:\/\/lfay.com.vn\/en\/wp-json\/wp\/v2\/pages\/30277\/revisions"}],"predecessor-version":[{"id":30285,"href":"https:\/\/lfay.com.vn\/en\/wp-json\/wp\/v2\/pages\/30277\/revisions\/30285"}],"wp:featuredmedia":[{"embeddable":true,"href":"https:\/\/lfay.com.vn\/en\/wp-json\/wp\/v2\/media\/30278"}],"wp:attachment":[{"href":"https:\/\/lfay.com.vn\/en\/wp-json\/wp\/v2\/media?parent=30277"}],"curies":[{"name":"wp","href":"https:\/\/api.w.org\/{rel}","templated":true}]}}